{"id":2639,"date":"2020-08-05T12:39:26","date_gmt":"2020-08-05T12:39:26","guid":{"rendered":"https:\/\/handbagspa.de\/allgemeine-geschaeftsbedingungen\/"},"modified":"2020-08-10T15:59:51","modified_gmt":"2020-08-10T15:59:51","slug":"terms","status":"publish","type":"page","link":"https:\/\/handbagspa.de\/en\/terms\/","title":{"rendered":"Terms and conditions"},"content":{"rendered":"[vc_row type=&#8221;in_container&#8221; full_screen_row_position=&#8221;middle&#8221; column_margin=&#8221;default&#8221; scene_position=&#8221;center&#8221; text_color=&#8221;dark&#8221; text_align=&#8221;left&#8221; top_padding=&#8221;5%&#8221; bottom_padding=&#8221;5%&#8221; overlay_strength=&#8221;0.3&#8243; shape_divider_position=&#8221;bottom&#8221; bg_image_animation=&#8221;none&#8221; shape_type=&#8221;&#8221;][vc_column column_padding=&#8221;no-extra-padding&#8221; column_padding_position=&#8221;all&#8221; background_color_opacity=&#8221;1&#8243; background_hover_color_opacity=&#8221;1&#8243; column_link_target=&#8221;_self&#8221; column_shadow=&#8221;none&#8221; column_border_radius=&#8221;none&#8221; width=&#8221;1\/1&#8243; tablet_width_inherit=&#8221;default&#8221; tablet_text_alignment=&#8221;default&#8221; phone_text_alignment=&#8221;default&#8221; overlay_strength=&#8221;0.3&#8243; column_border_width=&#8221;none&#8221; column_border_style=&#8221;solid&#8221; bg_image_animation=&#8221;none&#8221;][vc_column_text]<strong>\u00a7 1 Geltungsbereich<\/strong><\/p>\n<p>Diese Hinweise gelten f\u00fcr alle Kunden von handbagspa.de.<\/p>\n<p><strong>\u00a7 2 Gefahr\u00fcbergang<\/strong><\/p>\n<p>Der Gefahr\u00fcbergang richtet sich nach den gesetzlichen Regelungen.<\/p>\n<p><strong>\u00a7 3 Gew\u00e4hrleistung<\/strong><\/p>\n<p>Es besteht ein gesetzliches M\u00e4ngelhaftungsrecht f\u00fcr die Waren.<\/p>\n<p><strong>\u00a7 4 Sonstiges<\/strong><\/p>\n<p>Nachdem Sie Ihre Waren in unserem Online-Shop ausgesucht und &#8220;In den Warenkorb&#8221; geklickt haben, k\u00f6nnen Sie nach Klick auf &#8220;Kasse&#8221; Ihre pers\u00f6nlichen Daten eingeben und anschlie\u00dfend die Versandart und Zahlungsweise ausw\u00e4hlen.<\/p>\n<p>Dabei k\u00f6nnen Sie Fehleingaben mittels der \u00fcblichen Browserfunktionen erkennen und korrigieren &#8211; zuletzt im Bestellbest\u00e4tigungsfenster, wo Ihnen alle Angaben Ihrer Bestellung noch einmal angezeigt werden.<\/p>\n<p>Erst durch Anklicken der dortigen Schaltfl\u00e4che &#8220;Jetzt kaufen&#8221; erkl\u00e4ren Sie dann verbindlich, dass Sie die im Warenkorb enthaltenen Waren kaufen m\u00f6chten.<\/p>\n<p>Unmittelbar danach werden Sie von uns eine Mail erhalten, mit der wir den Eingang Ihrer Bestellung best\u00e4tigen &#8211; noch nicht die Annahme der Bestellung. Mit dieser Mail werden Sie auch den Vertragstext Ihrer Bestellung noch einmal erhalten, der Ihnen im \u00dcbrigen auch gespeichert im Shop zur Verf\u00fcgung steht, wenn Sie bei Ihrer Bestellung ein Kundenkonto angelegt haben.<\/p>\n<p>Wir werden Ihre Bestellung entweder innerhalb von sieben Tagen nach Eingang per E-Mail oder durch Lieferung der Ware annehmen oder sie per E-Mail ablehnen.<\/p>\n<p>Wir liefern sp\u00e4testens innerhalb von sieben Tagen.<\/p>\n<p>F\u00fcr den Vertragsschluss steht die deutsche Sprache zur Verf\u00fcgung. Es besteht ein gesetzliches M\u00e4ngelhaftungsrecht f\u00fcr die Waren.<\/p>\n<p>F\u00fcr Verbraucher in der EU gibt es eine Plattform zur Online-Streitbeilegung (OS) unter: <a href=\"https:\/\/ec.europa.eu\/odr\"><strong>https:\/\/ec.europa.eu\/odr<\/strong><\/a>. Unsere E-Mail lautet: <strong>info@handbagspa.de<\/strong>. Wir nutzen keine alternative Streitbeilegung (AS).[\/vc_column_text][\/vc_column][\/vc_row][vc_row type=&#8221;full_width_background&#8221; full_screen_row_position=&#8221;middle&#8221; column_margin=&#8221;default&#8221; bg_color=&#8221;#cbbba0&#8243; scene_position=&#8221;center&#8221; text_color=&#8221;dark&#8221; text_align=&#8221;left&#8221; top_padding=&#8221;15&#8243; bottom_padding=&#8221;15&#8243; overlay_strength=&#8221;0.3&#8243; shape_divider_position=&#8221;bottom&#8221; bg_image_animation=&#8221;none&#8221; shape_type=&#8221;&#8221;][vc_column column_padding=&#8221;no-extra-padding&#8221; column_padding_position=&#8221;all&#8221; background_color_opacity=&#8221;1&#8243; background_hover_color_opacity=&#8221;1&#8243; column_link_target=&#8221;_self&#8221; column_shadow=&#8221;none&#8221; column_border_radius=&#8221;none&#8221; width=&#8221;1\/4&#8243; tablet_width_inherit=&#8221;default&#8221; tablet_text_alignment=&#8221;default&#8221; phone_text_alignment=&#8221;default&#8221; overlay_strength=&#8221;0.3&#8243; column_border_width=&#8221;none&#8221; column_border_style=&#8221;solid&#8221; bg_image_animation=&#8221;none&#8221;][vc_column_text css=&#8221;.vc_custom_1587033878643{margin-top: -8px !important;margin-bottom: -8px !important;}&#8221;]<a href=\"https:\/\/handbagspa.de\/faq\/\"><strong><i class=\"icon-tiny fa fa-info &lt;\/strong&gt;&lt;strong&gt;accent-color\"><\/i> FAQ<\/strong><\/a>[\/vc_column_text][\/vc_column][vc_column column_padding=&#8221;no-extra-padding&#8221; column_padding_position=&#8221;all&#8221; background_color_opacity=&#8221;1&#8243; background_hover_color_opacity=&#8221;1&#8243; column_link_target=&#8221;_self&#8221; column_shadow=&#8221;none&#8221; column_border_radius=&#8221;none&#8221; width=&#8221;1\/4&#8243; tablet_width_inherit=&#8221;default&#8221; tablet_text_alignment=&#8221;default&#8221; phone_text_alignment=&#8221;default&#8221; overlay_strength=&#8221;0.3&#8243; column_border_width=&#8221;none&#8221; column_border_style=&#8221;solid&#8221; bg_image_animation=&#8221;none&#8221;][vc_column_text css=&#8221;.vc_custom_1596722750546{margin-top: -8px !important;margin-bottom: -8px !important;}&#8221;]<a href=\"https:\/\/handbagspa.de\/en\/payment\/\"><strong><i class=\"icon-tiny fa fa-credit-card-alt accent-color\"><\/i> Payment methods<\/strong><\/a>[\/vc_column_text][\/vc_column][vc_column column_padding=&#8221;no-extra-padding&#8221; column_padding_position=&#8221;all&#8221; background_color_opacity=&#8221;1&#8243; background_hover_color_opacity=&#8221;1&#8243; column_link_target=&#8221;_self&#8221; column_shadow=&#8221;none&#8221; column_border_radius=&#8221;none&#8221; width=&#8221;1\/4&#8243; tablet_width_inherit=&#8221;default&#8221; tablet_text_alignment=&#8221;default&#8221; phone_text_alignment=&#8221;default&#8221; overlay_strength=&#8221;0.3&#8243; column_border_width=&#8221;none&#8221; column_border_style=&#8221;solid&#8221; bg_image_animation=&#8221;none&#8221;][vc_column_text css=&#8221;.vc_custom_1596722760128{margin-top: -8px !important;margin-bottom: -8px !important;}&#8221;]<strong><a href=\"https:\/\/handbagspa.de\/en\/shipping\/\"><i class=\"icon-tiny fa fa-truck accent-color\"><\/i> Shipping methods<\/a><\/strong>[\/vc_column_text][\/vc_column][vc_column column_padding=&#8221;no-extra-padding&#8221; column_padding_position=&#8221;all&#8221; background_color_opacity=&#8221;1&#8243; background_hover_color_opacity=&#8221;1&#8243; column_link_target=&#8221;_self&#8221; column_shadow=&#8221;none&#8221; column_border_radius=&#8221;none&#8221; width=&#8221;1\/4&#8243; tablet_width_inherit=&#8221;default&#8221; tablet_text_alignment=&#8221;default&#8221; phone_text_alignment=&#8221;default&#8221; overlay_strength=&#8221;0.3&#8243; column_border_width=&#8221;none&#8221; column_border_style=&#8221;solid&#8221; bg_image_animation=&#8221;none&#8221;][vc_column_text css=&#8221;.vc_custom_1597075190614{margin-top: -8px !important;margin-bottom: -8px !important;}&#8221;]<a href=\"https:\/\/handbagspa.de\/en\/withdrawal\/\"><strong><i class=\"icon-tiny fa fa-retweet accent-color\"><\/i> Right of revocation<\/strong><\/a>[\/vc_column_text][\/vc_column][\/vc_row]\n","protected":false},"excerpt":{"rendered":"<p>[vc_row type=&#8221;in_container&#8221; full_screen_row_position=&#8221;middle&#8221; column_margin=&#8221;default&#8221; scene_position=&#8221;center&#8221; text_color=&#8221;dark&#8221; text_align=&#8221;left&#8221; top_padding=&#8221;5%&#8221; bottom_padding=&#8221;5%&#8221; overlay_strength=&#8221;0.3&#8243; shape_divider_position=&#8221;bottom&#8221; bg_image_animation=&#8221;none&#8221; shape_type=&#8221;&#8221;][vc_column column_padding=&#8221;no-extra-padding&#8221; column_padding_position=&#8221;all&#8221; background_color_opacity=&#8221;1&#8243; background_hover_color_opacity=&#8221;1&#8243; column_link_target=&#8221;_self&#8221; column_shadow=&#8221;none&#8221; column_border_radius=&#8221;none&#8221; width=&#8221;1\/1&#8243; tablet_width_inherit=&#8221;default&#8221; tablet_text_alignment=&#8221;default&#8221; phone_text_alignment=&#8221;default&#8221; overlay_strength=&#8221;0.3&#8243; column_border_width=&#8221;none&#8221; column_border_style=&#8221;solid&#8221; bg_image_animation=&#8221;none&#8221;][vc_column_text]\u00a7 1 Geltungsbereich&#8230;<\/p>\n","protected":false},"author":2,"featured_media":0,"parent":0,"menu_order":0,"comment_status":"closed","ping_status":"closed","template":"","meta":{"footnotes":""},"class_list":["post-2639","page","type-page","status-publish"],"yoast_head":"<!-- This site is optimized with the Yoast SEO plugin v26.3 - https:\/\/yoast.com\/wordpress\/plugins\/seo\/ -->\n<title>Terms and conditions - Handbag Spa &amp; Shop<\/title>\n<meta name=\"robots\" content=\"index, follow, max-snippet:-1, max-image-preview:large, max-video-preview:-1\" \/>\n<link rel=\"canonical\" href=\"https:\/\/handbagspa.de\/en\/terms\/\" \/>\n<meta property=\"og:locale\" content=\"en_US\" \/>\n<meta property=\"og:type\" content=\"article\" \/>\n<meta property=\"og:title\" content=\"Terms and conditions - Handbag Spa &amp; Shop\" \/>\n<meta property=\"og:description\" content=\"[vc_row type=&#8221;in_container&#8221; full_screen_row_position=&#8221;middle&#8221; column_margin=&#8221;default&#8221; scene_position=&#8221;center&#8221; text_color=&#8221;dark&#8221; text_align=&#8221;left&#8221; top_padding=&#8221;5%&#8221; bottom_padding=&#8221;5%&#8221; overlay_strength=&#8221;0.3&#8243; shape_divider_position=&#8221;bottom&#8221; bg_image_animation=&#8221;none&#8221; shape_type=&#8221;&#8221;][vc_column column_padding=&#8221;no-extra-padding&#8221; column_padding_position=&#8221;all&#8221; background_color_opacity=&#8221;1&#8243; background_hover_color_opacity=&#8221;1&#8243; column_link_target=&#8221;_self&#8221; column_shadow=&#8221;none&#8221; column_border_radius=&#8221;none&#8221; width=&#8221;1\/1&#8243; tablet_width_inherit=&#8221;default&#8221; tablet_text_alignment=&#8221;default&#8221; phone_text_alignment=&#8221;default&#8221; overlay_strength=&#8221;0.3&#8243; column_border_width=&#8221;none&#8221; column_border_style=&#8221;solid&#8221; bg_image_animation=&#8221;none&#8221;][vc_column_text]\u00a7 1 Geltungsbereich...\" \/>\n<meta property=\"og:url\" content=\"https:\/\/handbagspa.de\/en\/terms\/\" \/>\n<meta property=\"og:site_name\" content=\"Handbag Spa &amp; Shop\" \/>\n<meta property=\"article:modified_time\" content=\"2020-08-10T15:59:51+00:00\" \/>\n<meta name=\"twitter:card\" content=\"summary_large_image\" \/>\n<meta name=\"twitter:label1\" content=\"Est. reading time\" \/>\n\t<meta name=\"twitter:data1\" content=\"4 minutes\" \/>\n<script type=\"application\/ld+json\" class=\"yoast-schema-graph\">{\"@context\":\"https:\/\/schema.org\",\"@graph\":[{\"@type\":\"WebPage\",\"@id\":\"https:\/\/handbagspa.de\/en\/terms\/\",\"url\":\"https:\/\/handbagspa.de\/en\/terms\/\",\"name\":\"Terms and conditions - Handbag Spa &amp; Shop\",\"isPartOf\":{\"@id\":\"https:\/\/handbagspa.de\/en\/#website\"},\"datePublished\":\"2020-08-05T12:39:26+00:00\",\"dateModified\":\"2020-08-10T15:59:51+00:00\",\"breadcrumb\":{\"@id\":\"https:\/\/handbagspa.de\/en\/terms\/#breadcrumb\"},\"inLanguage\":\"en-US\",\"potentialAction\":[{\"@type\":\"ReadAction\",\"target\":[\"https:\/\/handbagspa.de\/en\/terms\/\"]}]},{\"@type\":\"BreadcrumbList\",\"@id\":\"https:\/\/handbagspa.de\/en\/terms\/#breadcrumb\",\"itemListElement\":[{\"@type\":\"ListItem\",\"position\":1,\"name\":\"Home\",\"item\":\"https:\/\/handbagspa.de\/en\/\"},{\"@type\":\"ListItem\",\"position\":2,\"name\":\"Terms and conditions\"}]},{\"@type\":\"WebSite\",\"@id\":\"https:\/\/handbagspa.de\/en\/#website\",\"url\":\"https:\/\/handbagspa.de\/en\/\",\"name\":\"Handbag Spa &amp; Shop\",\"description\":\"Authentische Luxus-Taschen\",\"publisher\":{\"@id\":\"https:\/\/handbagspa.de\/en\/#\/schema\/person\/762ea7bbc0e1ca38e99e2b915c4a0ee8\"},\"potentialAction\":[{\"@type\":\"SearchAction\",\"target\":{\"@type\":\"EntryPoint\",\"urlTemplate\":\"https:\/\/handbagspa.de\/en\/?s={search_term_string}\"},\"query-input\":{\"@type\":\"PropertyValueSpecification\",\"valueRequired\":true,\"valueName\":\"search_term_string\"}}],\"inLanguage\":\"en-US\"},{\"@type\":[\"Person\",\"Organization\"],\"@id\":\"https:\/\/handbagspa.de\/en\/#\/schema\/person\/762ea7bbc0e1ca38e99e2b915c4a0ee8\",\"name\":\"Evi\",\"image\":{\"@type\":\"ImageObject\",\"inLanguage\":\"en-US\",\"@id\":\"https:\/\/handbagspa.de\/en\/#\/schema\/person\/image\/\",\"url\":\"https:\/\/secure.gravatar.com\/avatar\/aadc17b8c0ab29015d32b1f2188b81420b47c25ad7a50ebfcf357cf6e57bd374?s=96&d=mm&r=g\",\"contentUrl\":\"https:\/\/secure.gravatar.com\/avatar\/aadc17b8c0ab29015d32b1f2188b81420b47c25ad7a50ebfcf357cf6e57bd374?s=96&d=mm&r=g\",\"caption\":\"Evi\"},\"logo\":{\"@id\":\"https:\/\/handbagspa.de\/en\/#\/schema\/person\/image\/\"},\"sameAs\":[\"http:\/\/handbagspa.de\"]}]}<\/script>\n<!-- \/ Yoast SEO plugin. -->","yoast_head_json":{"title":"Terms and conditions - Handbag Spa &amp; Shop","robots":{"index":"index","follow":"follow","max-snippet":"max-snippet:-1","max-image-preview":"max-image-preview:large","max-video-preview":"max-video-preview:-1"},"canonical":"https:\/\/handbagspa.de\/en\/terms\/","og_locale":"en_US","og_type":"article","og_title":"Terms and conditions - Handbag Spa &amp; Shop","og_description":"[vc_row type=&#8221;in_container&#8221; full_screen_row_position=&#8221;middle&#8221; column_margin=&#8221;default&#8221; scene_position=&#8221;center&#8221; text_color=&#8221;dark&#8221; text_align=&#8221;left&#8221; top_padding=&#8221;5%&#8221; bottom_padding=&#8221;5%&#8221; overlay_strength=&#8221;0.3&#8243; shape_divider_position=&#8221;bottom&#8221; bg_image_animation=&#8221;none&#8221; shape_type=&#8221;&#8221;][vc_column column_padding=&#8221;no-extra-padding&#8221; column_padding_position=&#8221;all&#8221; background_color_opacity=&#8221;1&#8243; background_hover_color_opacity=&#8221;1&#8243; column_link_target=&#8221;_self&#8221; column_shadow=&#8221;none&#8221; column_border_radius=&#8221;none&#8221; width=&#8221;1\/1&#8243; tablet_width_inherit=&#8221;default&#8221; tablet_text_alignment=&#8221;default&#8221; phone_text_alignment=&#8221;default&#8221; overlay_strength=&#8221;0.3&#8243; column_border_width=&#8221;none&#8221; column_border_style=&#8221;solid&#8221; bg_image_animation=&#8221;none&#8221;][vc_column_text]\u00a7 1 Geltungsbereich...","og_url":"https:\/\/handbagspa.de\/en\/terms\/","og_site_name":"Handbag Spa &amp; Shop","article_modified_time":"2020-08-10T15:59:51+00:00","twitter_card":"summary_large_image","twitter_misc":{"Est. reading time":"4 minutes"},"schema":{"@context":"https:\/\/schema.org","@graph":[{"@type":"WebPage","@id":"https:\/\/handbagspa.de\/en\/terms\/","url":"https:\/\/handbagspa.de\/en\/terms\/","name":"Terms and conditions - Handbag Spa &amp; Shop","isPartOf":{"@id":"https:\/\/handbagspa.de\/en\/#website"},"datePublished":"2020-08-05T12:39:26+00:00","dateModified":"2020-08-10T15:59:51+00:00","breadcrumb":{"@id":"https:\/\/handbagspa.de\/en\/terms\/#breadcrumb"},"inLanguage":"en-US","potentialAction":[{"@type":"ReadAction","target":["https:\/\/handbagspa.de\/en\/terms\/"]}]},{"@type":"BreadcrumbList","@id":"https:\/\/handbagspa.de\/en\/terms\/#breadcrumb","itemListElement":[{"@type":"ListItem","position":1,"name":"Home","item":"https:\/\/handbagspa.de\/en\/"},{"@type":"ListItem","position":2,"name":"Terms and conditions"}]},{"@type":"WebSite","@id":"https:\/\/handbagspa.de\/en\/#website","url":"https:\/\/handbagspa.de\/en\/","name":"Handbag Spa &amp; Shop","description":"Authentische Luxus-Taschen","publisher":{"@id":"https:\/\/handbagspa.de\/en\/#\/schema\/person\/762ea7bbc0e1ca38e99e2b915c4a0ee8"},"potentialAction":[{"@type":"SearchAction","target":{"@type":"EntryPoint","urlTemplate":"https:\/\/handbagspa.de\/en\/?s={search_term_string}"},"query-input":{"@type":"PropertyValueSpecification","valueRequired":true,"valueName":"search_term_string"}}],"inLanguage":"en-US"},{"@type":["Person","Organization"],"@id":"https:\/\/handbagspa.de\/en\/#\/schema\/person\/762ea7bbc0e1ca38e99e2b915c4a0ee8","name":"Evi","image":{"@type":"ImageObject","inLanguage":"en-US","@id":"https:\/\/handbagspa.de\/en\/#\/schema\/person\/image\/","url":"https:\/\/secure.gravatar.com\/avatar\/aadc17b8c0ab29015d32b1f2188b81420b47c25ad7a50ebfcf357cf6e57bd374?s=96&d=mm&r=g","contentUrl":"https:\/\/secure.gravatar.com\/avatar\/aadc17b8c0ab29015d32b1f2188b81420b47c25ad7a50ebfcf357cf6e57bd374?s=96&d=mm&r=g","caption":"Evi"},"logo":{"@id":"https:\/\/handbagspa.de\/en\/#\/schema\/person\/image\/"},"sameAs":["http:\/\/handbagspa.de"]}]}},"_links":{"self":[{"href":"https:\/\/handbagspa.de\/en\/wp-json\/wp\/v2\/pages\/2639","targetHints":{"allow":["GET"]}}],"collection":[{"href":"https:\/\/handbagspa.de\/en\/wp-json\/wp\/v2\/pages"}],"about":[{"href":"https:\/\/handbagspa.de\/en\/wp-json\/wp\/v2\/types\/page"}],"author":[{"embeddable":true,"href":"https:\/\/handbagspa.de\/en\/wp-json\/wp\/v2\/users\/2"}],"replies":[{"embeddable":true,"href":"https:\/\/handbagspa.de\/en\/wp-json\/wp\/v2\/comments?post=2639"}],"version-history":[{"count":6,"href":"https:\/\/handbagspa.de\/en\/wp-json\/wp\/v2\/pages\/2639\/revisions"}],"predecessor-version":[{"id":3064,"href":"https:\/\/handbagspa.de\/en\/wp-json\/wp\/v2\/pages\/2639\/revisions\/3064"}],"wp:attachment":[{"href":"https:\/\/handbagspa.de\/en\/wp-json\/wp\/v2\/media?parent=2639"}],"curies":[{"name":"wp","href":"https:\/\/api.w.org\/{rel}","templated":true}]}}